{"id":5837,"date":"2023-04-19T12:23:24","date_gmt":"2023-04-19T10:23:24","guid":{"rendered":"https:\/\/grandeminimo.com\/obiettivoresilienza\/?page_id=5837"},"modified":"2024-01-12T11:12:20","modified_gmt":"2024-01-12T10:12:20","slug":"collabora","status":"publish","type":"page","link":"https:\/\/grandeminimo.com\/obiettivoresilienza\/collabora\/","title":{"rendered":"Collabora"},"content":{"rendered":"\t\t<div data-elementor-type=\"wp-page\" data-elementor-id=\"5837\" class=\"elementor elementor-5837\" data-elementor-post-type=\"page\">\n\t\t\t\t\t\t<section class=\"elementor-section elementor-top-section elementor-element elementor-element-dd5cf50 elementor-section-stretched elementor-section-height-min-height elementor-section-boxed elementor-section-height-default elementor-section-items-middle\" data-id=\"dd5cf50\" data-element_type=\"section\" data-e-type=\"section\" data-settings=\"{&quot;stretch_section&quot;:&quot;section-stretched&quot;,&quot;background_background&quot;:&quot;classic&quot;,&quot;shape_divider_bottom&quot;:&quot;mountains&quot;}\">\n\t\t\t\t\t\t\t<div class=\"elementor-background-overlay\"><\/div>\n\t\t\t\t\t\t<div class=\"elementor-shape elementor-shape-bottom\" aria-hidden=\"true\" data-negative=\"false\">\n\t\t\t<svg xmlns=\"http:\/\/www.w3.org\/2000\/svg\" viewBox=\"0 0 1000 100\" preserveAspectRatio=\"none\">\n\t<path class=\"elementor-shape-fill\" opacity=\"0.33\" d=\"M473,67.3c-203.9,88.3-263.1-34-320.3,0C66,119.1,0,59.7,0,59.7V0h1000v59.7 c0,0-62.1,26.1-94.9,29.3c-32.8,3.3-62.8-12.3-75.8-22.1C806,49.6,745.3,8.7,694.9,4.7S492.4,59,473,67.3z\"\/>\n\t<path class=\"elementor-shape-fill\" opacity=\"0.66\" d=\"M734,67.3c-45.5,0-77.2-23.2-129.1-39.1c-28.6-8.7-150.3-10.1-254,39.1 s-91.7-34.4-149.2,0C115.7,118.3,0,39.8,0,39.8V0h1000v36.5c0,0-28.2-18.5-92.1-18.5C810.2,18.1,775.7,67.3,734,67.3z\"\/>\n\t<path class=\"elementor-shape-fill\" d=\"M766.1,28.9c-200-57.5-266,65.5-395.1,19.5C242,1.8,242,5.4,184.8,20.6C128,35.8,132.3,44.9,89.9,52.5C28.6,63.7,0,0,0,0 h1000c0,0-9.9,40.9-83.6,48.1S829.6,47,766.1,28.9z\"\/>\n<\/svg>\t\t<\/div>\n\t\t\t\t\t<div class=\"elementor-container elementor-column-gap-default\">\n\t\t\t\t\t<div class=\"elementor-column elementor-col-100 elementor-top-column elementor-element elementor-element-0d7a97f\" data-id=\"0d7a97f\" data-element_type=\"column\" data-e-type=\"column\">\n\t\t\t<div class=\"elementor-widget-wrap elementor-element-populated\">\n\t\t\t\t\t\t<div class=\"elementor-element elementor-element-79712b5 elementor-widget elementor-widget-heading\" data-id=\"79712b5\" data-element_type=\"widget\" data-e-type=\"widget\" data-widget_type=\"heading.default\">\n\t\t\t\t<div class=\"elementor-widget-container\">\n\t\t\t\t\t<h1 class=\"elementor-heading-title elementor-size-default\">Fornisci un tuo contribuito al progetto<\/h1>\t\t\t\t<\/div>\n\t\t\t\t<\/div>\n\t\t\t\t\t<\/div>\n\t\t<\/div>\n\t\t\t\t\t<\/div>\n\t\t<\/section>\n\t\t\t\t<section class=\"elementor-section elementor-top-section elementor-element elementor-element-abe1d25 elementor-section-boxed elementor-section-height-default elementor-section-height-default\" data-id=\"abe1d25\" data-element_type=\"section\" data-e-type=\"section\">\n\t\t\t\t\t\t<div class=\"elementor-container elementor-column-gap-default\">\n\t\t\t\t\t<div class=\"elementor-column elementor-col-50 elementor-top-column elementor-element elementor-element-57b6340\" data-id=\"57b6340\" data-element_type=\"column\" data-e-type=\"column\">\n\t\t\t<div class=\"elementor-widget-wrap elementor-element-populated\">\n\t\t\t\t\t\t<div class=\"elementor-element elementor-element-ffb9700 elementor-widget elementor-widget-heading\" data-id=\"ffb9700\" data-element_type=\"widget\" data-e-type=\"widget\" data-widget_type=\"heading.default\">\n\t\t\t\t<div class=\"elementor-widget-container\">\n\t\t\t\t\t<h2 class=\"elementor-heading-title elementor-size-default\">Usa il modulo qui in basso per inviarci un articolo che vorresti pubblicare sul blog di ObiettivoRESILIENZA<\/h2>\t\t\t\t<\/div>\n\t\t\t\t<\/div>\n\t\t\t\t<div class=\"elementor-element elementor-element-2c8e3b0 elementor-widget elementor-widget-text-editor\" data-id=\"2c8e3b0\" data-element_type=\"widget\" data-e-type=\"widget\" data-widget_type=\"text-editor.default\">\n\t\t\t\t<div class=\"elementor-widget-container\">\n\t\t\t\t\t\t\t\t\t<p><\/p>\n<p><span style=\"font-size: 14pt;\"><strong>3 semplici regole:<\/strong><\/span><\/p>\n<p>1) Non inserire pubblicit\u00e0 al suo interno. <br \/>2) Accertati che non sia un contenuto gi\u00e0 trattato in altri articoli.<br \/>3) Mantieni, come finalit\u00e0 del tuo contributo, la pura voglia di aggiungere valore alla comunit\u00e0 di <a href=\"http:\/\/grandeminimo.com\/\" target=\"_blank\" rel=\"noopener noreferrer\">ObiettivoRESILIENZA<\/a><\/p>\n<p>Se il tuo articolo sar\u00e0 pubblicato, ti contatteremo.<\/p>\n<p><\/p>\n<p><\/p>\n<p><\/p>\t\t\t\t\t\t\t\t<\/div>\n\t\t\t\t<\/div>\n\t\t\t\t\t<\/div>\n\t\t<\/div>\n\t\t\t\t<div class=\"elementor-column elementor-col-50 elementor-top-column elementor-element elementor-element-f00106d\" data-id=\"f00106d\" data-element_type=\"column\" data-e-type=\"column\">\n\t\t\t<div class=\"elementor-widget-wrap elementor-element-populated\">\n\t\t\t\t\t\t<div class=\"elementor-element elementor-element-7043c6e elementor-button-align-center elementor-widget elementor-widget-form\" data-id=\"7043c6e\" data-element_type=\"widget\" data-e-type=\"widget\" data-settings=\"{&quot;button_width&quot;:&quot;100&quot;,&quot;step_type&quot;:&quot;number_text&quot;,&quot;step_icon_shape&quot;:&quot;circle&quot;}\" data-widget_type=\"form.default\">\n\t\t\t\t<div class=\"elementor-widget-container\">\n\t\t\t\t\t\t\t<form class=\"elementor-form\" method=\"post\" name=\"Nuovo modulo\" aria-label=\"Nuovo modulo\">\n\t\t\t<input type=\"hidden\" name=\"post_id\" value=\"5837\"\/>\n\t\t\t<input type=\"hidden\" name=\"form_id\" value=\"7043c6e\"\/>\n\t\t\t<input type=\"hidden\" name=\"referer_title\" value=\"Collabora - ObiettivoResilienza\" \/>\n\n\t\t\t\t\t\t\t<input type=\"hidden\" name=\"queried_id\" value=\"5837\"\/>\n\t\t\t\n\t\t\t<div class=\"elementor-form-fields-wrapper elementor-labels-\">\n\t\t\t\t\t\t\t\t<div class=\"elementor-field-type-text elementor-field-group elementor-column elementor-field-group-name elementor-col-100 elementor-field-required\">\n\t\t\t\t\t\t\t\t\t\t\t\t<label for=\"form-field-name\" class=\"elementor-field-label elementor-screen-only\">\n\t\t\t\t\t\t\t\tNome\t\t\t\t\t\t\t<\/label>\n\t\t\t\t\t\t\t\t\t\t\t\t\t\t<input size=\"1\" type=\"text\" name=\"form_fields[name]\" id=\"form-field-name\" class=\"elementor-field elementor-size-sm  elementor-field-textual\" placeholder=\"Nome\" required=\"required\">\n\t\t\t\t\t\t\t\t\t\t\t<\/div>\n\t\t\t\t\t\t\t\t<div class=\"elementor-field-type-email elementor-field-group elementor-column elementor-field-group-email elementor-col-100 elementor-field-required\">\n\t\t\t\t\t\t\t\t\t\t\t\t<label for=\"form-field-email\" class=\"elementor-field-label elementor-screen-only\">\n\t\t\t\t\t\t\t\tEmail\t\t\t\t\t\t\t<\/label>\n\t\t\t\t\t\t\t\t\t\t\t\t\t\t<input size=\"1\" type=\"email\" name=\"form_fields[email]\" id=\"form-field-email\" class=\"elementor-field elementor-size-sm  elementor-field-textual\" placeholder=\"Email\" required=\"required\">\n\t\t\t\t\t\t\t\t\t\t\t<\/div>\n\t\t\t\t\t\t\t\t<div class=\"elementor-field-type-textarea elementor-field-group elementor-column elementor-field-group-message elementor-col-100 elementor-field-required\">\n\t\t\t\t\t\t\t\t\t\t\t\t<label for=\"form-field-message\" class=\"elementor-field-label elementor-screen-only\">\n\t\t\t\t\t\t\t\tMessaggio\t\t\t\t\t\t\t<\/label>\n\t\t\t\t\t\t<textarea class=\"elementor-field-textual elementor-field  elementor-size-sm\" name=\"form_fields[message]\" id=\"form-field-message\" rows=\"5\" placeholder=\"Messaggio\" required=\"required\"><\/textarea>\t\t\t\t<\/div>\n\t\t\t\t\t\t\t\t<div class=\"elementor-field-type-upload elementor-field-group elementor-column elementor-field-group-field_2af5df8 elementor-col-100 elementor-field-required\">\n\t\t\t\t\t\t\t\t\t\t\t\t<label for=\"form-field-field_2af5df8\" class=\"elementor-field-label elementor-screen-only\">\n\t\t\t\t\t\t\t\tAllega File Articolo\t\t\t\t\t\t\t<\/label>\n\t\t\t\t\t\t\t\t<input type=\"file\" name=\"form_fields[field_2af5df8]\" id=\"form-field-field_2af5df8\" class=\"elementor-field elementor-size-sm  elementor-upload-field\" required=\"required\">\n\n\t\t\t\t\t\t<\/div>\n\t\t\t\t\t\t\t\t<div class=\"elementor-field-type-acceptance elementor-field-group elementor-column elementor-field-group-field_0d8c6f5 elementor-col-100 elementor-field-required\">\n\t\t\t\t\t\t\t\t\t\t\t\t<label for=\"form-field-field_0d8c6f5\" class=\"elementor-field-label elementor-screen-only\">\n\t\t\t\t\t\t\t\taccettazione\t\t\t\t\t\t\t<\/label>\n\t\t\t\t\t\t\t\t<div class=\"elementor-field-subgroup\">\n\t\t\t<span class=\"elementor-field-option\">\n\t\t\t\t<input type=\"checkbox\" name=\"form_fields[field_0d8c6f5]\" id=\"form-field-field_0d8c6f5\" class=\"elementor-field elementor-size-sm  elementor-acceptance-field\" required=\"required\">\n\t\t\t\t<label for=\"form-field-field_0d8c6f5\"><div style=\"\n    font-size: 10px;\n    line-height: 12px !important;\n    color: \n    #7E7E7E;\n    margin-top: -28px;\n    margin-left: 20px;\n\">Acconsento al trattamento dei miei dati personali ai sensi dell'articolo 13 del Regolamento (UE) 2016\/679. (Se lo vorrai potrai disiscriverti in qualsiasi momento e con un semplice click).<\/div><br \/><\/label>\t\t\t<\/span>\n\t\t<\/div>\n\t\t\t\t\t\t<\/div>\n\t\t\t\t\t\t\t\t<div class=\"elementor-field-group elementor-column elementor-field-type-submit elementor-col-100 e-form__buttons\">\n\t\t\t\t\t<button class=\"elementor-button elementor-size-md\" type=\"submit\">\n\t\t\t\t\t\t<span class=\"elementor-button-content-wrapper\">\n\t\t\t\t\t\t\t\t\t\t\t\t\t\t\t\t\t\t\t\t\t\t<span class=\"elementor-button-text\">Inviaci l'articolo<\/span>\n\t\t\t\t\t\t\t\t\t\t\t\t\t<\/span>\n\t\t\t\t\t<\/button>\n\t\t\t\t<\/div>\n\t\t\t<\/div>\n\t\t<\/form>\n\t\t\t\t\t\t<\/div>\n\t\t\t\t<\/div>\n\t\t\t\t\t<\/div>\n\t\t<\/div>\n\t\t\t\t\t<\/div>\n\t\t<\/section>\n\t\t\t\t<\/div>\n\t\t","protected":false},"excerpt":{"rendered":"<p>Fornisci un tuo contribuito al progetto Usa il modulo qui in basso per inviarci un articolo che vorresti pubblicare sul blog di ObiettivoRESILIENZA 3 semplici regole: 1) Non inserire pubblicit\u00e0 al suo interno. 2) Accertati che non sia un contenuto gi\u00e0 trattato in altri articoli.3) Mantieni, come finalit\u00e0 del tuo contributo, la pura voglia di [&hellip;]<\/p>\n","protected":false},"author":3,"featured_media":0,"parent":0,"menu_order":0,"comment_status":"closed","ping_status":"closed","template":"elementor_header_footer","meta":{"footnotes":""},"class_list":["post-5837","page","type-page","status-publish","hentry"],"yoast_head":"<!-- This site is optimized with the Yoast SEO plugin v27.3 - https:\/\/yoast.com\/product\/yoast-seo-wordpress\/ -->\n<title>Collabora - ObiettivoResilienza<\/title>\n<meta name=\"robots\" content=\"index, follow, max-snippet:-1, max-image-preview:large, max-video-preview:-1\" \/>\n<link rel=\"canonical\" href=\"https:\/\/grandeminimo.com\/obiettivoresilienza\/collabora\/\" \/>\n<meta property=\"og:locale\" content=\"it_IT\" \/>\n<meta property=\"og:type\" content=\"article\" \/>\n<meta property=\"og:title\" content=\"Collabora - ObiettivoResilienza\" \/>\n<meta property=\"og:description\" content=\"Fornisci un tuo contribuito al progetto Usa il modulo qui in basso per inviarci un articolo che vorresti pubblicare sul blog di ObiettivoRESILIENZA 3 semplici regole: 1) Non inserire pubblicit\u00e0 al suo interno. 2) Accertati che non sia un contenuto gi\u00e0 trattato in altri articoli.3) Mantieni, come finalit\u00e0 del tuo contributo, la pura voglia di [&hellip;]\" \/>\n<meta property=\"og:url\" content=\"https:\/\/grandeminimo.com\/obiettivoresilienza\/collabora\/\" \/>\n<meta property=\"og:site_name\" content=\"ObiettivoResilienza\" \/>\n<meta property=\"article:modified_time\" content=\"2024-01-12T10:12:20+00:00\" \/>\n<meta name=\"twitter:card\" content=\"summary_large_image\" \/>\n<meta name=\"twitter:label1\" content=\"Tempo di lettura stimato\" \/>\n\t<meta name=\"twitter:data1\" content=\"1 minuto\" \/>\n<script type=\"application\/ld+json\" class=\"yoast-schema-graph\">{\"@context\":\"https:\\\/\\\/schema.org\",\"@graph\":[{\"@type\":\"WebPage\",\"@id\":\"https:\\\/\\\/grandeminimo.com\\\/obiettivoresilienza\\\/collabora\\\/\",\"url\":\"https:\\\/\\\/grandeminimo.com\\\/obiettivoresilienza\\\/collabora\\\/\",\"name\":\"Collabora - ObiettivoResilienza\",\"isPartOf\":{\"@id\":\"https:\\\/\\\/grandeminimo.com\\\/obiettivoresilienza\\\/#website\"},\"datePublished\":\"2023-04-19T10:23:24+00:00\",\"dateModified\":\"2024-01-12T10:12:20+00:00\",\"breadcrumb\":{\"@id\":\"https:\\\/\\\/grandeminimo.com\\\/obiettivoresilienza\\\/collabora\\\/#breadcrumb\"},\"inLanguage\":\"it-IT\",\"potentialAction\":[{\"@type\":\"ReadAction\",\"target\":[\"https:\\\/\\\/grandeminimo.com\\\/obiettivoresilienza\\\/collabora\\\/\"]}]},{\"@type\":\"BreadcrumbList\",\"@id\":\"https:\\\/\\\/grandeminimo.com\\\/obiettivoresilienza\\\/collabora\\\/#breadcrumb\",\"itemListElement\":[{\"@type\":\"ListItem\",\"position\":1,\"name\":\"Home\",\"item\":\"https:\\\/\\\/grandeminimo.com\\\/obiettivoresilienza\\\/\"},{\"@type\":\"ListItem\",\"position\":2,\"name\":\"Collabora\"}]},{\"@type\":\"WebSite\",\"@id\":\"https:\\\/\\\/grandeminimo.com\\\/obiettivoresilienza\\\/#website\",\"url\":\"https:\\\/\\\/grandeminimo.com\\\/obiettivoresilienza\\\/\",\"name\":\"ObiettivoResilienza\",\"description\":\"Viaggio verso l&#039;indipendenza energetica ed alimentare\",\"publisher\":{\"@id\":\"https:\\\/\\\/grandeminimo.com\\\/obiettivoresilienza\\\/#organization\"},\"potentialAction\":[{\"@type\":\"SearchAction\",\"target\":{\"@type\":\"EntryPoint\",\"urlTemplate\":\"https:\\\/\\\/grandeminimo.com\\\/obiettivoresilienza\\\/?s={search_term_string}\"},\"query-input\":{\"@type\":\"PropertyValueSpecification\",\"valueRequired\":true,\"valueName\":\"search_term_string\"}}],\"inLanguage\":\"it-IT\"},{\"@type\":\"Organization\",\"@id\":\"https:\\\/\\\/grandeminimo.com\\\/obiettivoresilienza\\\/#organization\",\"name\":\"ObiettivoResilienza\",\"url\":\"https:\\\/\\\/grandeminimo.com\\\/obiettivoresilienza\\\/\",\"logo\":{\"@type\":\"ImageObject\",\"inLanguage\":\"it-IT\",\"@id\":\"https:\\\/\\\/grandeminimo.com\\\/obiettivoresilienza\\\/#\\\/schema\\\/logo\\\/image\\\/\",\"url\":\"https:\\\/\\\/grandeminimo.com\\\/obiettivoresilienza\\\/wp-content\\\/uploads\\\/2022\\\/07\\\/logo-obiettivo-resilienza.png\",\"contentUrl\":\"https:\\\/\\\/grandeminimo.com\\\/obiettivoresilienza\\\/wp-content\\\/uploads\\\/2022\\\/07\\\/logo-obiettivo-resilienza.png\",\"width\":1921,\"height\":180,\"caption\":\"ObiettivoResilienza\"},\"image\":{\"@id\":\"https:\\\/\\\/grandeminimo.com\\\/obiettivoresilienza\\\/#\\\/schema\\\/logo\\\/image\\\/\"}}]}<\/script>\n<!-- \/ Yoast SEO plugin. -->","yoast_head_json":{"title":"Collabora - ObiettivoResilienza","robots":{"index":"index","follow":"follow","max-snippet":"max-snippet:-1","max-image-preview":"max-image-preview:large","max-video-preview":"max-video-preview:-1"},"canonical":"https:\/\/grandeminimo.com\/obiettivoresilienza\/collabora\/","og_locale":"it_IT","og_type":"article","og_title":"Collabora - ObiettivoResilienza","og_description":"Fornisci un tuo contribuito al progetto Usa il modulo qui in basso per inviarci un articolo che vorresti pubblicare sul blog di ObiettivoRESILIENZA 3 semplici regole: 1) Non inserire pubblicit\u00e0 al suo interno. 2) Accertati che non sia un contenuto gi\u00e0 trattato in altri articoli.3) Mantieni, come finalit\u00e0 del tuo contributo, la pura voglia di [&hellip;]","og_url":"https:\/\/grandeminimo.com\/obiettivoresilienza\/collabora\/","og_site_name":"ObiettivoResilienza","article_modified_time":"2024-01-12T10:12:20+00:00","twitter_card":"summary_large_image","twitter_misc":{"Tempo di lettura stimato":"1 minuto"},"schema":{"@context":"https:\/\/schema.org","@graph":[{"@type":"WebPage","@id":"https:\/\/grandeminimo.com\/obiettivoresilienza\/collabora\/","url":"https:\/\/grandeminimo.com\/obiettivoresilienza\/collabora\/","name":"Collabora - ObiettivoResilienza","isPartOf":{"@id":"https:\/\/grandeminimo.com\/obiettivoresilienza\/#website"},"datePublished":"2023-04-19T10:23:24+00:00","dateModified":"2024-01-12T10:12:20+00:00","breadcrumb":{"@id":"https:\/\/grandeminimo.com\/obiettivoresilienza\/collabora\/#breadcrumb"},"inLanguage":"it-IT","potentialAction":[{"@type":"ReadAction","target":["https:\/\/grandeminimo.com\/obiettivoresilienza\/collabora\/"]}]},{"@type":"BreadcrumbList","@id":"https:\/\/grandeminimo.com\/obiettivoresilienza\/collabora\/#breadcrumb","itemListElement":[{"@type":"ListItem","position":1,"name":"Home","item":"https:\/\/grandeminimo.com\/obiettivoresilienza\/"},{"@type":"ListItem","position":2,"name":"Collabora"}]},{"@type":"WebSite","@id":"https:\/\/grandeminimo.com\/obiettivoresilienza\/#website","url":"https:\/\/grandeminimo.com\/obiettivoresilienza\/","name":"ObiettivoResilienza","description":"Viaggio verso l&#039;indipendenza energetica ed alimentare","publisher":{"@id":"https:\/\/grandeminimo.com\/obiettivoresilienza\/#organization"},"potentialAction":[{"@type":"SearchAction","target":{"@type":"EntryPoint","urlTemplate":"https:\/\/grandeminimo.com\/obiettivoresilienza\/?s={search_term_string}"},"query-input":{"@type":"PropertyValueSpecification","valueRequired":true,"valueName":"search_term_string"}}],"inLanguage":"it-IT"},{"@type":"Organization","@id":"https:\/\/grandeminimo.com\/obiettivoresilienza\/#organization","name":"ObiettivoResilienza","url":"https:\/\/grandeminimo.com\/obiettivoresilienza\/","logo":{"@type":"ImageObject","inLanguage":"it-IT","@id":"https:\/\/grandeminimo.com\/obiettivoresilienza\/#\/schema\/logo\/image\/","url":"https:\/\/grandeminimo.com\/obiettivoresilienza\/wp-content\/uploads\/2022\/07\/logo-obiettivo-resilienza.png","contentUrl":"https:\/\/grandeminimo.com\/obiettivoresilienza\/wp-content\/uploads\/2022\/07\/logo-obiettivo-resilienza.png","width":1921,"height":180,"caption":"ObiettivoResilienza"},"image":{"@id":"https:\/\/grandeminimo.com\/obiettivoresilienza\/#\/schema\/logo\/image\/"}}]}},"_links":{"self":[{"href":"https:\/\/grandeminimo.com\/obiettivoresilienza\/wp-json\/wp\/v2\/pages\/5837","targetHints":{"allow":["GET"]}}],"collection":[{"href":"https:\/\/grandeminimo.com\/obiettivoresilienza\/wp-json\/wp\/v2\/pages"}],"about":[{"href":"https:\/\/grandeminimo.com\/obiettivoresilienza\/wp-json\/wp\/v2\/types\/page"}],"author":[{"embeddable":true,"href":"https:\/\/grandeminimo.com\/obiettivoresilienza\/wp-json\/wp\/v2\/users\/3"}],"replies":[{"embeddable":true,"href":"https:\/\/grandeminimo.com\/obiettivoresilienza\/wp-json\/wp\/v2\/comments?post=5837"}],"version-history":[{"count":26,"href":"https:\/\/grandeminimo.com\/obiettivoresilienza\/wp-json\/wp\/v2\/pages\/5837\/revisions"}],"predecessor-version":[{"id":9986,"href":"https:\/\/grandeminimo.com\/obiettivoresilienza\/wp-json\/wp\/v2\/pages\/5837\/revisions\/9986"}],"wp:attachment":[{"href":"https:\/\/grandeminimo.com\/obiettivoresilienza\/wp-json\/wp\/v2\/media?parent=5837"}],"curies":[{"name":"wp","href":"https:\/\/api.w.org\/{rel}","templated":true}]}}